{"id":231,"date":"2018-02-05T14:53:50","date_gmt":"2018-02-05T13:53:50","guid":{"rendered":"https:\/\/www.tauben-wutzler.de\/?page_id=231"},"modified":"2024-10-25T20:18:27","modified_gmt":"2024-10-25T19:18:27","slug":"aktuelles-2","status":"publish","type":"page","link":"https:\/\/www.tauben-wutzler.de\/?page_id=231","title":{"rendered":"Aktuelles"},"content":{"rendered":"<p>Nun ist die Zucht vorbei und die Mau\u00dfer im voll im Gange .<br \/>\nDa endlich wieder Ausstellungen stattfinden, werden die Tauben sch\u00f6n geputzt und gepflegt zu den Ausstellungen nach Lichtentanne (Kreisschau) und zur Bundessiegerschau der Lipsia in Leipzig als H\u00f6hepunkt. Hoffen wir das vieles gut wird!<\/p>\n<p>Mit der Zucht war ich 2024 sehr zufrieden. Alle Paare legten sehr bald. Die Befruchtung war gut, sodas trotz erheblicher Nachtfroste im April und Mai, Aktuell ist eine stattliche Auswahl an Jungtieren vorhanden, sodas man gerne in den Schlag geht und deren Entwicklung kritisch mit verfolgt. Insbesondere die wei\u00dfen Paare z\u00fcchteten sehr gut. Nun hoffen wir sehr das die Lipsia in diesem Jahr wieder\u00a0 stattfinden kann,<br \/>\nDie jungen Hochzeitstauben wurden erneut in einer Freiluftvoliere gehalten und tr\u00e4niniert, was sich als optimal f\u00fcr das Heimkehrverm\u00f6gen erwies. <strong>Bedanken m\u00f6chte ich mich bei Allen, welche mir f\u00fcr ihre Hochzeit Ihr Vertrauen geschenkt haben.<\/strong> Es gab wundersch\u00f6ne, tolle ja fast magische Momente dabei, welche auch ich nicht vergessen werde.<br \/>\nAllen Taubenkunden w\u00fcnschen ich viel Gl\u00fcck in der Zucht mit dem erworbenen Tieren.<br \/>\nDas sehr gute Heimkehrverm\u00f6gen,( fast 100% ), die Verbesserung der Flugleistungen und Sch\u00f6nheit meiner Hochzeitstauben bildeten, den zweiten, aber ebenso herrlichen Lichtblick im Taubenleben 2024.<\/p>\n<p>Jeder Auftrag, welchen sie uns erteilen, ist f\u00fcr uns eine Ehre. Egal ob es zu Hochzeiten, Geburtstagfeiern oder Beerdigungen ist, wir werden Ihr Vertrauen w\u00fcrdigen. <strong>Meine\u00a0 Tauben sind<\/strong> <strong>geboren um Freude zu schenken<\/strong> und deshalb sehr gerne f\u00fcr sie da! Wir hoffen sehr, das Sie uns weiter Ihr Vertrauen schenken.<br \/>\n<strong>Neu wurden 2021 erstmals Tauben am offenen Grab als lebendige Botschaft von der Auferstehung aufgelassen. Sowie zu einer Eisernen Hochzeit.<\/strong><br \/>\n<strong>Das eine meiner Tauben zu einer Hochzeit oder einem Geburtstag eine Rose der Liebe in den Himmel trug und fast immer brav im heimischen Schlag ablieferte, waren weitere Highleith und magischen Momente in diesem Jahr. <\/strong><br \/>\n<!--more--><\/p>\n","protected":false},"excerpt":{"rendered":"<p>Nun ist die Zucht vorbei und die Mau\u00dfer im voll im Gange . Da endlich wieder Ausstellungen stattfinden, werden die Tauben sch\u00f6n geputzt und gepflegt zu den Ausstellungen nach Lichtentanne (Kreisschau) und zur Bundessiegerschau der Lipsia in Leipzig als H\u00f6hepunkt. &hellip;<\/p>\n<p><a href=\"https:\/\/www.tauben-wutzler.de\/?page_id=231\">Continue Reading<span class=\"meta-nav\">&rarr;<\/span><\/a><\/p>\n","protected":false},"author":5,"featured_media":0,"parent":0,"menu_order":0,"comment_status":"closed","ping_status":"closed","template":"","meta":{"footnotes":""},"class_list":["post-231","page","type-page","status-publish","hentry"],"_links":{"self":[{"href":"https:\/\/www.tauben-wutzler.de\/index.php?rest_route=\/wp\/v2\/pages\/231","targetHints":{"allow":["GET"]}}],"collection":[{"href":"https:\/\/www.tauben-wutzler.de\/index.php?rest_route=\/wp\/v2\/pages"}],"about":[{"href":"https:\/\/www.tauben-wutzler.de\/index.php?rest_route=\/wp\/v2\/types\/page"}],"author":[{"embeddable":true,"href":"https:\/\/www.tauben-wutzler.de\/index.php?rest_route=\/wp\/v2\/users\/5"}],"replies":[{"embeddable":true,"href":"https:\/\/www.tauben-wutzler.de\/index.php?rest_route=%2Fwp%2Fv2%2Fcomments&post=231"}],"version-history":[{"count":20,"href":"https:\/\/www.tauben-wutzler.de\/index.php?rest_route=\/wp\/v2\/pages\/231\/revisions"}],"predecessor-version":[{"id":510,"href":"https:\/\/www.tauben-wutzler.de\/index.php?rest_route=\/wp\/v2\/pages\/231\/revisions\/510"}],"wp:attachment":[{"href":"https:\/\/www.tauben-wutzler.de\/index.php?rest_route=%2Fwp%2Fv2%2Fmedia&parent=231"}],"curies":[{"name":"wp","href":"https:\/\/api.w.org\/{rel}","templated":true}]}}