{"id":44,"date":"2015-02-06T09:33:29","date_gmt":"2015-02-06T08:33:29","guid":{"rendered":"https:\/\/www.tauben-wutzler.de\/?page_id=44"},"modified":"2017-10-18T09:49:57","modified_gmt":"2017-10-18T08:49:57","slug":"links","status":"publish","type":"page","link":"https:\/\/www.tauben-wutzler.de\/?page_id=44","title":{"rendered":"Links"},"content":{"rendered":"<p><a title=\"Seitech\" href=\"http:\/\/www.seitech.de\" target=\"_blank\" rel=\"noopener\">Seitech Computer &amp; Kommunikation Treuen<\/a><\/p>\n<p><a href=\"http:\/\/www.tauben-seidel.de\" target=\"_blank\" rel=\"noopener\">Brieftauben Schlaggemeinschaft Seidel Markneukirchen<\/a><\/p>\n<p><a title=\"VDT\" href=\"http:\/\/www.vdt-online.de\/\" target=\"_blank\" rel=\"noopener\">Verband Deutscher Taubenz\u00fcchter VDT<\/a><\/p>\n<p><a title=\"BDRG\" href=\"http:\/\/www.bdrg.de\" target=\"_blank\" rel=\"noopener\">Bund Deutscher Rassegefl\u00fcgelz\u00fcchter BDRG<\/a><\/p>\n<p><a href=\"https:\/\/www.stengel-fussring.com\/\" target=\"_blank\" rel=\"noopener\">Horst Stengel &amp; Sohn e.K. &#8211; Fu\u00dfring-Stengel<\/a><\/p>\n<p>&nbsp;<\/p>\n","protected":false},"excerpt":{"rendered":"<p>Seitech Computer &amp; Kommunikation Treuen Brieftauben Schlaggemeinschaft Seidel Markneukirchen Verband Deutscher Taubenz\u00fcchter VDT Bund Deutscher Rassegefl\u00fcgelz\u00fcchter BDRG Horst Stengel &amp; Sohn e.K. &#8211; Fu\u00dfring-Stengel &nbsp;<\/p>\n","protected":false},"author":1,"featured_media":0,"parent":0,"menu_order":15,"comment_status":"closed","ping_status":"closed","template":"","meta":{"footnotes":""},"class_list":["post-44","page","type-page","status-publish","hentry"],"_links":{"self":[{"href":"https:\/\/www.tauben-wutzler.de\/index.php?rest_route=\/wp\/v2\/pages\/44","targetHints":{"allow":["GET"]}}],"collection":[{"href":"https:\/\/www.tauben-wutzler.de\/index.php?rest_route=\/wp\/v2\/pages"}],"about":[{"href":"https:\/\/www.tauben-wutzler.de\/index.php?rest_route=\/wp\/v2\/types\/page"}],"author":[{"embeddable":true,"href":"https:\/\/www.tauben-wutzler.de\/index.php?rest_route=\/wp\/v2\/users\/1"}],"replies":[{"embeddable":true,"href":"https:\/\/www.tauben-wutzler.de\/index.php?rest_route=%2Fwp%2Fv2%2Fcomments&post=44"}],"version-history":[{"count":5,"href":"https:\/\/www.tauben-wutzler.de\/index.php?rest_route=\/wp\/v2\/pages\/44\/revisions"}],"predecessor-version":[{"id":222,"href":"https:\/\/www.tauben-wutzler.de\/index.php?rest_route=\/wp\/v2\/pages\/44\/revisions\/222"}],"wp:attachment":[{"href":"https:\/\/www.tauben-wutzler.de\/index.php?rest_route=%2Fwp%2Fv2%2Fmedia&parent=44"}],"curies":[{"name":"wp","href":"https:\/\/api.w.org\/{rel}","templated":true}]}}