{"id":52,"date":"2015-02-06T11:00:32","date_gmt":"2015-02-06T10:00:32","guid":{"rendered":"https:\/\/www.tauben-wutzler.de\/?page_id=52"},"modified":"2019-10-13T20:04:31","modified_gmt":"2019-10-13T19:04:31","slug":"ueber-mich","status":"publish","type":"page","link":"https:\/\/www.tauben-wutzler.de\/","title":{"rendered":"\u00fcber mich"},"content":{"rendered":"<p>Ich, J\u00fcrgen Wutzler aus Kirchberg in Sachsen, bekam die Liebe zur Taubenzucht mit in die Wiege gelegt. Unterst\u00fctzt von meinen Vater hatte ich bereits seit meinen 7.ten Lebensjahr eigene Tauben. Zuerst waren es Schlesische Kr\u00f6pfer, dann z\u00fcchtete ich Englische Tippler, doch bald entschied ich mich f\u00fcr gelbgegelsterte Komorner, zu diesen gesellten sich sp\u00e4ter wei\u00dfe Komorner. Mit beiden Farbenschl\u00e4gen war ich sehr erfolgreich. 1984 eroberten die Felegyhazaer T\u00fcmmler,\u00a0 mein Herz. 10 Jahre wurden beide Rassen nebeneinander gehalten. Ab 1990 arbeitete ich im Au\u00dfendienst. Durch die damit verbundene viele Ortsabwesenheit, war ich sehr auf die Unterst\u00fctzung meiner Frau Sabine bei der Versorgung der Tauben angewiesen, deshalb entschied ich mich ab 1994 nur noch die Felis zu z\u00fcchten. Am meisten lagen Sabine und mir, wegen des Farbkontrastes und des damit verbundenen hohen Schwierigkeitsgrades in der Zucht, die Schwarzgeganselten am Herzen, jedoch waren die Rotgeganselten gleich von Beginn an, gleichberechtigt mit dabei und anf\u00e4nglich sogar erfolgreicher.<br \/>\nVon Anfang an standen die Liebe zu den Tieren und die freundschaftlichen Kontakte zu den Z\u00fcchtern in Deutschland und International im Vordergrund allen Bem\u00fchens. Mein Ergeiz bei der Betreuung der Tauben und das mir wahrscheinlich angeborene Sensitivgef\u00fchl in der Zucht lie\u00dfen mich \u00fcber Jahrzehnte zu einen sehr erfolgreichen Z\u00fcchter werden. Wohl deshalb wurde ich schon 1985 als Zuchtwart f\u00fcr die Felis in der damaligen DDR und ab 1994 im wiedervereinten SV s\u00fcdosteurop\u00e4ische T\u00fcmmler gew\u00e4hlt. Dem Internationalen Gedanken stark verbunden, wurde die Rasse mehrfach im Heimatland Ungarn erfolgreich ausgestellt. Nach Gr\u00fcndung des Europaclub f\u00fcr Kiskunfelgyhazaer T\u00fcmmler wurde ich dort zum Zuchtwart gew\u00e4hlt. Unvergessen sind die vielen sch\u00f6nen Treffen auf den Tagungen beider Vereine, wobei meine Frau und ich oft und gerne als Gastgeber fungierten.<br \/>\nIn England, Frankreich, der Schweiz, Italien, \u00d6sterreich, Tschechien, Polen, Norwegen, D\u00e4nemark wurden Rasseartikel in der Fachpresse ver\u00f6ffentlicht, welche sehr zur Verbreitung der Rasse in diesen L\u00e4ndern dienten.<br \/>\nZweimal wurden Spitzentiere bereits der Deutschen Kinderkrebshilfe gespendet. Die bekannten Schlagers\u00e4ngerinnen Helene Fischer und Monika Martin begeisterten sich so, das sie eine Patenschaft \u00fcbernahmen.<br \/>\nAktuell haben 10 Kinder aus Kirchberg und Umgebung Patentauben bei mir. 3 dieser Kinder drehten sogar einen Film \u00fcber Felegyhazaer T\u00fcmmler und belegten damit Sachsenweit den 2. Platz bei einem renommierten Wettbewerb.<br \/>\nBei allem Engagement stellten sich nat\u00fcrlich auch Ausstellungserfolge ein:<br \/>\nSo bin ich amtierender und 6 facher Europameister,7\u00a0 facher Europachampion, 27 facher Deutscher Meister, mehrfach SV -, Sachsen-, Kreis- und Vereinsmeister. Wichtiger als diese Erfolge sind die vielen \u00fcber die Jahre entstanden Z\u00fcchterfreundschaften national, wie international. Um diese zu vertiefen bzw. m\u00f6glichst viele dazu zu gewinnen wurde diese Homepage gestaltet.<\/p>\n<p>2015 wurden die ersten wei\u00dfen Felis angeschafft und 2016 das erste Tier sehr erfolgreich ausgestellt.\u00a0 Diese erfreuen auf Hochzeiten gleichwohl Brautpaare wie Hochzeitsg\u00e4ste und vorallemdie Kinder. Diese k\u00f6nnten\u00a0\u00a0 2017 und 2018\u00a0 den Deutschen Meistermeistertitel erringen.<\/p>\n<p>Edle wei\u00dfe\u00a0 Brieftauben sind eine weitere Herausforderung geworden, wenn sie am fr\u00fchen Morgen starten und die Luft zum Rauschen bringen, ist das ein wahres Lebenselixier. Diese werden geboren, mit viel Liebe aufgezogen, angelernt um bei Hochzeitsaufl\u00e4ssen viel Freude zu schenken. Mehr \u00fcber Hochzeitstauben im folgenden Artikel<\/p>\n<p>Ihr J\u00fcrgen Wutzler<\/p>\n<iframe src=\"\/\/docs.google.com\/viewer?url=https%3A%2F%2Fwww.tauben-wutzler.de%2Fwp-content%2Fuploads%2F2016%2F06%2FHochzeittauben16.pdf&hl=de&embedded=true\" class=\"gde-frame\" style=\"width:100%; height:1100px; border: none;\" scrolling=\"no\"><\/iframe>\n<p class=\"gde-text\"><a href=\"https:\/\/www.tauben-wutzler.de\/wp-content\/uploads\/2016\/06\/Hochzeittauben16.pdf\" class=\"gde-link\">Download (PDF, 919KB)<\/a><\/p>\n","protected":false},"excerpt":{"rendered":"<p>Ich, J\u00fcrgen Wutzler aus Kirchberg in Sachsen, bekam die Liebe zur Taubenzucht mit in die Wiege gelegt. Unterst\u00fctzt von meinen Vater hatte ich bereits seit meinen 7.ten Lebensjahr eigene Tauben. Zuerst waren es Schlesische Kr\u00f6pfer, dann z\u00fcchtete ich Englische Tippler, &hellip;<\/p>\n<p><a href=\"https:\/\/www.tauben-wutzler.de\/\">Continue Reading<span class=\"meta-nav\">&rarr;<\/span><\/a><\/p>\n","protected":false},"author":1,"featured_media":0,"parent":0,"menu_order":1,"comment_status":"closed","ping_status":"closed","template":"","meta":{"footnotes":""},"class_list":["post-52","page","type-page","status-publish","hentry"],"_links":{"self":[{"href":"https:\/\/www.tauben-wutzler.de\/index.php?rest_route=\/wp\/v2\/pages\/52","targetHints":{"allow":["GET"]}}],"collection":[{"href":"https:\/\/www.tauben-wutzler.de\/index.php?rest_route=\/wp\/v2\/pages"}],"about":[{"href":"https:\/\/www.tauben-wutzler.de\/index.php?rest_route=\/wp\/v2\/types\/page"}],"author":[{"embeddable":true,"href":"https:\/\/www.tauben-wutzler.de\/index.php?rest_route=\/wp\/v2\/users\/1"}],"replies":[{"embeddable":true,"href":"https:\/\/www.tauben-wutzler.de\/index.php?rest_route=%2Fwp%2Fv2%2Fcomments&post=52"}],"version-history":[{"count":16,"href":"https:\/\/www.tauben-wutzler.de\/index.php?rest_route=\/wp\/v2\/pages\/52\/revisions"}],"predecessor-version":[{"id":370,"href":"https:\/\/www.tauben-wutzler.de\/index.php?rest_route=\/wp\/v2\/pages\/52\/revisions\/370"}],"wp:attachment":[{"href":"https:\/\/www.tauben-wutzler.de\/index.php?rest_route=%2Fwp%2Fv2%2Fmedia&parent=52"}],"curies":[{"name":"wp","href":"https:\/\/api.w.org\/{rel}","templated":true}]}}