{"id":9,"date":"2015-02-04T10:21:08","date_gmt":"2015-02-04T09:21:08","guid":{"rendered":"https:\/\/www.tauben-wutzler.de\/?page_id=9"},"modified":"2021-08-24T00:01:55","modified_gmt":"2021-08-23T23:01:55","slug":"zucht","status":"publish","type":"page","link":"https:\/\/www.tauben-wutzler.de\/?page_id=9","title":{"rendered":"Zucht"},"content":{"rendered":"<p>Gro\u00dfe Freude bereiten die Felegyhazaer mit ihrem zutraulichen, jedoch lebhaften und friedfertigen Verhalten.<br \/>\nBei allen geganselten Farbenschl\u00e4gen kommt dar\u00fcber hinaus, das in der Taubenwelt einmalige Scheckenzeichnungsmuster mit seinen herrlichen Farbkontrasten dazu.<br \/>\nMeine Zucht bestand seit Jahren aus 19-20 Zuchtpaaren, wovon meist 12 schwarzgeganselte und seit 2019 6 bis 7 wei\u00dfe Paare.,dazu meist ein Gemischtpaar mit einen schwarzgeganselten X anderen geganselten Farbenschlag.<br \/>\nIn der Regel leben die Geschlechter von Anfang September bis zum Zuchtbeginn Ende Februar\/Anfang M\u00e4rz getrennt.<br \/>\nDie Auswahl der Zuchttiere erfolgt nach Qualit\u00e4t, Vitalit\u00e4t und Aufzuchtverhalten.<br \/>\nWichtig sind mir bei der qualitativen Beurteilung vor allem der Typ, die Figur und die Kopfpunkte. Die Zeichnung ist auf den Ausstellungen oft der I Punkt, stand aber \u00fcber Jahre bei mir in der Auswahl Zuchttiere erst an 4.ter Stelle in der Wichtigkeit, da man mit Ausgleichpaarungen, diesbez\u00fcglich viel verbessern kann.<br \/>\nFolgende Ausgleichspaarungen haben sich bei mir schon sehr oft bew\u00e4hrt:<br \/>\nAngelaufener Schnabel x Kronentier; sehr gro\u00dfer durchbrechender Latz x kleiner Latz; etwas farbige Innenhaube x wei\u00df in Au\u00dfenhaube bzw Rosetten. Eine weitere Variante ist ein nahe zu perfekt gezeichnetes Tier, an ein Tier mit einem Zeichnungsfehler zu paaren.<br \/>\nDurch die viele Nachzucht in den 36 Jahren Felizucht sind inzwischen 90% meiner Zuchttiere in der Zeichnung fast perfekt und relativ&nbsp; ausgeglichen im Typ.<br \/>\nDie Verpaarung meiner Felis erfolgt vorzugsweise an einen sp\u00e4ten Nachmittag gleich in der Nistzelle.<br \/>\nDen drauffolgenden Tag verbringen die Paare in den Zellen und werden dort gef\u00fcttert. Die beiden n\u00e4chsten Tage erfolgt wechselweise das Einfliegen in den mit farbigen Fronten versehen Zellen. In dieser Zeit ist ein waches Z\u00fcchterauge sehr wichtig, damit es keine unn\u00f6tigen Raufereien durch Falschfliegen gibt und die Begattung m\u00f6glichst ungest\u00f6rt erfolgen kann. Meistens kennen nach 3 Tagen alle Paare ihre Nistzelle ziemlich sicher und legen in der Regel 9 bis 12 Tage nach der Anpaarung ihre Eier. In der Brut sind meine Felis recht zuverl\u00e4ssig. Beim Schlupf und w\u00e4hrend der Aufzucht ist auf Grund der ungarischen Herkunft eine gewisse W\u00e4rme sehr g\u00fcnstig. Weil ich im Erzgebirgsvorland wohne und meine Gartenschl\u00e4ge noch an einem Nordhang stehen, setze ich ggf. beheizbare Nistschalen ein oder lasse das Nest auf Steropur bauen.<\/p>\n<div id=\"attachment_77\" style=\"width: 410px\" class=\"wp-caption aligncenter\"><a href=\"https:\/\/www.tauben-wutzler.de\/wp-content\/uploads\/2015\/02\/P1010147.jpg\"><img loading=\"lazy\" decoding=\"async\" aria-describedby=\"caption-attachment-77\" class=\" wp-image-77\" src=\"https:\/\/www.tauben-wutzler.de\/wp-content\/uploads\/2015\/02\/P1010147-300x225.jpg\" alt=\"T\u00e4ubin bei der ersten Anf\u00fctterung seiner Jungen\" width=\"400\" height=\"300\" srcset=\"https:\/\/www.tauben-wutzler.de\/wp-content\/uploads\/2015\/02\/P1010147-300x225.jpg 300w, https:\/\/www.tauben-wutzler.de\/wp-content\/uploads\/2015\/02\/P1010147.jpg 1024w\" sizes=\"auto, (max-width: 400px) 100vw, 400px\" \/><\/a><p id=\"caption-attachment-77\" class=\"wp-caption-text\">T\u00e4ubin bei der ersten Anf\u00fctterung seiner Jungen<\/p><\/div>\n<p>Das Aufwachsen geht bei g\u00fcnstigen Schlagverh\u00e4ltnissen sehr schnell, so da\u00df bei meinen Tieren aller ca 30-32 Tage eine neue Generation an Jungen schl\u00fcpft. Die Jungen beginnen meist nach 16-22 Tagen bereits in der Nistzelle mit zu fressen, sodas sie mit ca 26 bis 28 Tagen in einem kleinen \u201eBabyschlag\u201c und sp\u00e4ter in den \u201eJungtierschlag\u201c wecheln k\u00f6nnen. Leider mu\u00df ich wegen der extremen Habicht- und Wanderfalkenpopulation meine Tiere ganzj\u00e4hrig in Volieren halten, was einen wesentlich gr\u00f6\u00dferen Versorgungsaufwand erfordert, die Tiere aber auch besonders zutraulich werden l\u00e4sst. Wo Freiflug m\u00f6glich ist zeichnen sind Felis als sehr gute Flieger aus. Im Durchschnitt brachten meine Zuchtpaare in den letzen Jahren immer 6 bis 7 Junge. Wobei zu sagen ist, das Tiere mit zwei oder mehreren Zeichungsfehler, die bei der Rasse schon sehr fr\u00fch zu erkennen sind, gar nicht erst beringt werden und in die K\u00fcche wandern. Bei meiner Zucht sind dies, bei sehr strenger Auslese ca.10 Prozent der Jungen. Die Mau\u00dfer geht in der Regel sehr schnell. Sodas im Sommer bzw. Fr\u00fchherbst immer reichlich Tiere zum Abgeben vorhanden sind, welche als lebende Boten von verbindender Freundschaft, an Gleichgesinnte in die ganze Welt gehen.<br \/>\nDabei haben sich Felis aus Kirchberg, sowohl im kalten Sibirien, feuchten Norwegen, wie auch im sonnigen Kalifornien und China sehr gut vermehrt.<br \/>\nDas Verhalten und die Sch\u00f6nheit der Felis faszinieren so sehr, das man sich den ganzen Tag dar\u00fcber freuen kann und oft noch nachts davon tr\u00e4umt. Diese Sinfonie der Sinne ist das Geheimnis, warum Felis gegen den allgemeinen Trend, von Jahr zu Jahr mehr Z\u00fcchter finden.<br \/>\nSchaue Sie gerne in die Bildergaleri, welche sicher mit der Zeit noch wachsen wird, und machen Sie sich selbst ein Bild von der<br \/>\nFaszination Felegyhazaer T\u00fcmmler, der Rasse f\u00fcr Jedem, der das Besondere liebt\u201c.<br \/>\nGerne bin ich Ihr Ansprechpartner f\u00fcr alle Ihre Fragen.<br \/>\nIch freue mich sehr auf Euer Interesse.<br \/>\nIn Verbundenheit Euer J\u00fcrgen Wutzler<\/p>\n","protected":false},"excerpt":{"rendered":"<p>Gro\u00dfe Freude bereiten die Felegyhazaer mit ihrem zutraulichen, jedoch lebhaften und friedfertigen Verhalten. Bei allen geganselten Farbenschl\u00e4gen kommt dar\u00fcber hinaus, das in der Taubenwelt einmalige Scheckenzeichnungsmuster mit seinen herrlichen Farbkontrasten dazu. Meine Zucht bestand seit Jahren aus 19-20 Zuchtpaaren, wovon &hellip;<\/p>\n<p><a href=\"https:\/\/www.tauben-wutzler.de\/?page_id=9\">Continue Reading<span class=\"meta-nav\">&rarr;<\/span><\/a><\/p>\n","protected":false},"author":6,"featured_media":0,"parent":0,"menu_order":4,"comment_status":"closed","ping_status":"closed","template":"","meta":{"footnotes":""},"class_list":["post-9","page","type-page","status-publish","hentry"],"_links":{"self":[{"href":"https:\/\/www.tauben-wutzler.de\/index.php?rest_route=\/wp\/v2\/pages\/9","targetHints":{"allow":["GET"]}}],"collection":[{"href":"https:\/\/www.tauben-wutzler.de\/index.php?rest_route=\/wp\/v2\/pages"}],"about":[{"href":"https:\/\/www.tauben-wutzler.de\/index.php?rest_route=\/wp\/v2\/types\/page"}],"author":[{"embeddable":true,"href":"https:\/\/www.tauben-wutzler.de\/index.php?rest_route=\/wp\/v2\/users\/6"}],"replies":[{"embeddable":true,"href":"https:\/\/www.tauben-wutzler.de\/index.php?rest_route=%2Fwp%2Fv2%2Fcomments&post=9"}],"version-history":[{"count":13,"href":"https:\/\/www.tauben-wutzler.de\/index.php?rest_route=\/wp\/v2\/pages\/9\/revisions"}],"predecessor-version":[{"id":434,"href":"https:\/\/www.tauben-wutzler.de\/index.php?rest_route=\/wp\/v2\/pages\/9\/revisions\/434"}],"wp:attachment":[{"href":"https:\/\/www.tauben-wutzler.de\/index.php?rest_route=%2Fwp%2Fv2%2Fmedia&parent=9"}],"curies":[{"name":"wp","href":"https:\/\/api.w.org\/{rel}","templated":true}]}}